{"id":20,"date":"2020-11-30T14:47:15","date_gmt":"2020-11-30T13:47:15","guid":{"rendered":"http:\/\/localhost\/wordpressGD\/?page_id=20"},"modified":"2020-12-06T11:50:40","modified_gmt":"2020-12-06T10:50:40","slug":"advice","status":"publish","type":"page","link":"https:\/\/smartpro.be\/nl\/advice\/","title":{"rendered":"Advies"},"content":{"rendered":"<div data-elementor-type=\"wp-page\" data-elementor-id=\"20\" class=\"elementor elementor-20\">\n\t\t\t\t\t\t<div class=\"elementor-inner\">\n\t\t\t\t<div class=\"elementor-section-wrap\">\n\t\t\t\t\t\t\t\t\t<section class=\"elementor-section elementor-top-section elementor-element elementor-element-83059bf elementor-section-boxed elementor-section-height-default elementor-section-height-default\" data-id=\"83059bf\" data-element_type=\"section\">\n\t\t\t\t\t\t<div class=\"elementor-container elementor-column-gap-default\">\n\t\t\t\t\t\t\t<div class=\"elementor-row\">\n\t\t\t\t\t<div class=\"elementor-column elementor-col-100 elementor-top-column elementor-element elementor-element-4474808\" data-id=\"4474808\" data-element_type=\"column\">\n\t\t\t<div class=\"elementor-column-wrap elementor-element-populated\">\n\t\t\t\t\t\t\t<div class=\"elementor-widget-wrap\">\n\t\t\t\t\t\t<div class=\"elementor-element elementor-element-b80e44f elementor-widget elementor-widget-heading\" data-id=\"b80e44f\" data-element_type=\"widget\" data-widget_type=\"heading.default\">\n\t\t\t\t<div class=\"elementor-widget-container\">\n\t\t\t<h2 class=\"elementor-heading-title elementor-size-default\">Advies<\/h2>\t\t<\/div>\n\t\t\t\t<\/div>\n\t\t\t\t\t\t<\/div>\n\t\t\t\t\t<\/div>\n\t\t<\/div>\n\t\t\t\t\t\t\t\t<\/div>\n\t\t\t\t\t<\/div>\n\t\t<\/section>\n\t\t\t\t<section class=\"elementor-section elementor-top-section elementor-element elementor-element-7596ab1 elementor-section-boxed elementor-section-height-default elementor-section-height-default\" data-id=\"7596ab1\" data-element_type=\"section\">\n\t\t\t\t\t\t<div class=\"elementor-container elementor-column-gap-default\">\n\t\t\t\t\t\t\t<div class=\"elementor-row\">\n\t\t\t\t\t<div class=\"elementor-column elementor-col-50 elementor-top-column elementor-element elementor-element-cf63be0\" data-id=\"cf63be0\" data-element_type=\"column\">\n\t\t\t<div class=\"elementor-column-wrap elementor-element-populated\">\n\t\t\t\t\t\t\t<div class=\"elementor-widget-wrap\">\n\t\t\t\t\t\t<div class=\"elementor-element elementor-element-2bd2ecd elementor-widget elementor-widget-text-editor\" data-id=\"2bd2ecd\" data-element_type=\"widget\" data-widget_type=\"text-editor.default\">\n\t\t\t\t<div class=\"elementor-widget-container\">\n\t\t\t\t\t\t\t\t<div class=\"elementor-text-editor elementor-clearfix\">\n\t\t\t\t<p>Een grondige en gespecialiseerde juridische ondersteuning is een noodzaak voor elk bedrijf als gevolg van een groeiend aantal wetten, regelgeving en globalisering.<\/p><p>Commerci\u00eble contracten dienen niet alleen een mooi winstmarge te bekomen, maar dienen ook juridisch onderbouwd te zijn. SmartPro biedt u juridische expertise met hoge kwaliteit. Dit vertaalt zich in dagdagelijkse business, projecten, standaarddocumenten opstellen, nakijken en onderhandelen van contracten, juridische due diligence, juridische processen, implementeren van contracten, ondersteuning van projecten, etc.<\/p><p>\u00a0<\/p><main><div id=\"detail\"><p>We streven naar een gestructureerd en relevant advies met een duidelijk zicht op de business, en dus rekening houdend met het commerci\u00eble aspect. We luisteren naar de noden van het bedrijf en vertalen juridische informatie in een helder advies. Verder nemen we een proactieve aanpak in het verstrekken van onze diensten.<\/p><p>We nemen de deadlines van onze cli\u00ebnten erg serieus en onze tijdige oplevering is \u00e9\u00e9n van onze meest gewaardeerde kwaliteiten.<\/p><\/div><\/main>\t\t\t\t\t<\/div>\n\t\t\t\t\t\t<\/div>\n\t\t\t\t<\/div>\n\t\t\t\t\t\t<\/div>\n\t\t\t\t\t<\/div>\n\t\t<\/div>\n\t\t\t\t<div class=\"elementor-column elementor-col-50 elementor-top-column elementor-element elementor-element-bbc3ce0\" data-id=\"bbc3ce0\" data-element_type=\"column\">\n\t\t\t<div class=\"elementor-column-wrap elementor-element-populated\">\n\t\t\t\t\t\t\t<div class=\"elementor-widget-wrap\">\n\t\t\t\t\t\t<div class=\"elementor-element elementor-element-33931c8 elementor-widget elementor-widget-image\" data-id=\"33931c8\" data-element_type=\"widget\" data-widget_type=\"image.default\">\n\t\t\t\t<div class=\"elementor-widget-container\">\n\t\t\t\t\t\t\t\t<div class=\"elementor-image\">\n\t\t\t\t\t\t\t\t\t\t\t\t<img decoding=\"async\" width=\"648\" height=\"486\" src=\"https:\/\/smartpro.be\/wp-content\/uploads\/2020\/12\/IMG_01802.jpg\" class=\"attachment-large size-large wp-image-208\" alt=\"\" loading=\"lazy\" srcset=\"https:\/\/smartpro.be\/wp-content\/uploads\/2020\/12\/IMG_01802.jpg 648w, https:\/\/smartpro.be\/wp-content\/uploads\/2020\/12\/IMG_01802-300x225.jpg 300w\" sizes=\"(max-width: 648px) 100vw, 648px\" \/>\t\t\t\t\t\t\t\t\t\t\t\t\t\t<\/div>\n\t\t\t\t\t\t<\/div>\n\t\t\t\t<\/div>\n\t\t\t\t\t\t<\/div>\n\t\t\t\t\t<\/div>\n\t\t<\/div>\n\t\t\t\t\t\t\t\t<\/div>\n\t\t\t\t\t<\/div>\n\t\t<\/section>\n\t\t\t\t\t\t\t\t\t<\/div>\n\t\t\t<\/div>\n\t\t\t\t\t<\/div>","protected":false},"excerpt":{"rendered":"<p>Advice A thorough and specialized legal support is a necessity for each company due to the growing numbers of laws, regulations and globalization. Commercial contracts do not only need to predict a nice profit, but also need to be legally supported. SmartPro offers you legal expertise with high quality standards. This can be translated in &hellip;<\/p>\n<p class=\"read-more\"> <a class=\"\" href=\"https:\/\/smartpro.be\/nl\/advice\/\"> <span class=\"screen-reader-text\">Advies<\/span> Lees verder &raquo;<\/a><\/p>","protected":false},"author":1,"featured_media":0,"parent":0,"menu_order":0,"comment_status":"closed","ping_status":"closed","template":"","meta":{"site-sidebar-layout":"no-sidebar","site-content-layout":"page-builder","ast-global-header-display":"","ast-main-header-display":"","ast-hfb-above-header-display":"","ast-hfb-below-header-display":"","ast-hfb-mobile-header-display":"","site-post-title":"disabled","ast-breadcrumbs-content":"","ast-featured-img":"disabled","footer-sml-layout":"","theme-transparent-header-meta":"default","adv-header-id-meta":"","stick-header-meta":"","header-above-stick-meta":"","header-main-stick-meta":"","header-below-stick-meta":""},"_links":{"self":[{"href":"https:\/\/smartpro.be\/nl\/wp-json\/wp\/v2\/pages\/20"}],"collection":[{"href":"https:\/\/smartpro.be\/nl\/wp-json\/wp\/v2\/pages"}],"about":[{"href":"https:\/\/smartpro.be\/nl\/wp-json\/wp\/v2\/types\/page"}],"author":[{"embeddable":true,"href":"https:\/\/smartpro.be\/nl\/wp-json\/wp\/v2\/users\/1"}],"replies":[{"embeddable":true,"href":"https:\/\/smartpro.be\/nl\/wp-json\/wp\/v2\/comments?post=20"}],"version-history":[{"count":7,"href":"https:\/\/smartpro.be\/nl\/wp-json\/wp\/v2\/pages\/20\/revisions"}],"predecessor-version":[{"id":250,"href":"https:\/\/smartpro.be\/nl\/wp-json\/wp\/v2\/pages\/20\/revisions\/250"}],"wp:attachment":[{"href":"https:\/\/smartpro.be\/nl\/wp-json\/wp\/v2\/media?parent=20"}],"curies":[{"name":"wp","href":"https:\/\/api.w.org\/{rel}","templated":true}]}}