{"id":23,"date":"2020-11-30T14:47:56","date_gmt":"2020-11-30T13:47:56","guid":{"rendered":"http:\/\/localhost\/wordpressGD\/?page_id=23"},"modified":"2020-12-07T15:48:38","modified_gmt":"2020-12-07T14:48:38","slug":"legal-interim","status":"publish","type":"page","link":"https:\/\/smartpro.be\/nl\/legal-interim\/","title":{"rendered":"Legal Interim"},"content":{"rendered":"<div data-elementor-type=\"wp-page\" data-elementor-id=\"23\" class=\"elementor elementor-23\">\n\t\t\t\t\t\t<div class=\"elementor-inner\">\n\t\t\t\t<div class=\"elementor-section-wrap\">\n\t\t\t\t\t\t\t\t\t<section class=\"elementor-section elementor-top-section elementor-element elementor-element-a406c6e elementor-section-boxed elementor-section-height-default elementor-section-height-default\" data-id=\"a406c6e\" data-element_type=\"section\">\n\t\t\t\t\t\t<div class=\"elementor-container elementor-column-gap-default\">\n\t\t\t\t\t\t\t<div class=\"elementor-row\">\n\t\t\t\t\t<div class=\"elementor-column elementor-col-100 elementor-top-column elementor-element elementor-element-4673a57\" data-id=\"4673a57\" data-element_type=\"column\">\n\t\t\t<div class=\"elementor-column-wrap elementor-element-populated\">\n\t\t\t\t\t\t\t<div class=\"elementor-widget-wrap\">\n\t\t\t\t\t\t<div class=\"elementor-element elementor-element-0c5f3fd elementor-widget elementor-widget-heading\" data-id=\"0c5f3fd\" data-element_type=\"widget\" data-widget_type=\"heading.default\">\n\t\t\t\t<div class=\"elementor-widget-container\">\n\t\t\t<h2 class=\"elementor-heading-title elementor-size-default\">Legal Interim<\/h2>\t\t<\/div>\n\t\t\t\t<\/div>\n\t\t\t\t\t\t<\/div>\n\t\t\t\t\t<\/div>\n\t\t<\/div>\n\t\t\t\t\t\t\t\t<\/div>\n\t\t\t\t\t<\/div>\n\t\t<\/section>\n\t\t\t\t<section class=\"elementor-section elementor-top-section elementor-element elementor-element-0dd9028 elementor-section-boxed elementor-section-height-default elementor-section-height-default\" data-id=\"0dd9028\" data-element_type=\"section\">\n\t\t\t\t\t\t<div class=\"elementor-container elementor-column-gap-default\">\n\t\t\t\t\t\t\t<div class=\"elementor-row\">\n\t\t\t\t\t<div class=\"elementor-column elementor-col-50 elementor-top-column elementor-element elementor-element-b7ad296\" data-id=\"b7ad296\" data-element_type=\"column\">\n\t\t\t<div class=\"elementor-column-wrap elementor-element-populated\">\n\t\t\t\t\t\t\t<div class=\"elementor-widget-wrap\">\n\t\t\t\t\t\t<div class=\"elementor-element elementor-element-06e935d elementor-widget elementor-widget-text-editor\" data-id=\"06e935d\" data-element_type=\"widget\" data-widget_type=\"text-editor.default\">\n\t\t\t\t<div class=\"elementor-widget-container\">\n\t\t\t\t\t\t\t\t<div class=\"elementor-text-editor elementor-clearfix\">\n\t\t\t\t<p>Het komt voor dat een bedrijf een tijdelijk tekort aan juristen met de nodige expertise en ervaring heeft. Is uw bedrijf op zoek naar een jurist die inzetbaar is op een bepaald project? Of is \u00e9\u00e9n van uw medewerkers ziek, zwanger of met loopbaanonderbreking en wordt uw interne juridische dienst overstelpt met werk? Er is wel degelijk een eenvoudige oplossing voor uw probleem.<\/p><p>De Interim Manager heeft de nodige juridische kennis en reflexen om problemen op een goede manier op te lossen.<\/p><p>Interim Management is mensenwerk. Het gaat om de juiste persoon voor uw organisatie. De Interim Manager onderscheidt zich in managementkwaliteiten \u00e9n inhoudelijke kennis gericht op de cli\u00ebnt. Interim Management is bovendien openstaan voor de noden van cli\u00ebnten en deze invullen met de nodige creativiteit en flexibiliteit. De Interim Manager begrijpt de business motieven en doet wat er verwacht wordt. We zijn ons bewust van de interne procedures (proces van aanbieding, implementatie van standard algemene voorwaarden) en respecteren deze.<\/p><p>De Interim Manager zal boven alles de interne deadlines respecteren en de prioriteiten met de cli\u00ebnt bespreken.<\/p>\t\t\t\t\t<\/div>\n\t\t\t\t\t\t<\/div>\n\t\t\t\t<\/div>\n\t\t\t\t\t\t<\/div>\n\t\t\t\t\t<\/div>\n\t\t<\/div>\n\t\t\t\t<div class=\"elementor-column elementor-col-50 elementor-top-column elementor-element elementor-element-3ad2c70\" data-id=\"3ad2c70\" data-element_type=\"column\">\n\t\t\t<div class=\"elementor-column-wrap elementor-element-populated\">\n\t\t\t\t\t\t\t<div class=\"elementor-widget-wrap\">\n\t\t\t\t\t\t<div class=\"elementor-element elementor-element-e80be49 elementor-widget elementor-widget-image\" data-id=\"e80be49\" data-element_type=\"widget\" data-widget_type=\"image.default\">\n\t\t\t\t<div class=\"elementor-widget-container\">\n\t\t\t\t\t\t\t\t<div class=\"elementor-image\">\n\t\t\t\t\t\t\t\t\t\t\t\t<img decoding=\"async\" width=\"1024\" height=\"768\" src=\"https:\/\/smartpro.be\/wp-content\/uploads\/2020\/12\/IMG_0720-Sydney-Business-District-1024x768.jpg\" class=\"attachment-large size-large wp-image-244\" alt=\"\" loading=\"lazy\" srcset=\"https:\/\/smartpro.be\/wp-content\/uploads\/2020\/12\/IMG_0720-Sydney-Business-District-1024x768.jpg 1024w, https:\/\/smartpro.be\/wp-content\/uploads\/2020\/12\/IMG_0720-Sydney-Business-District-300x225.jpg 300w, https:\/\/smartpro.be\/wp-content\/uploads\/2020\/12\/IMG_0720-Sydney-Business-District-768x576.jpg 768w, https:\/\/smartpro.be\/wp-content\/uploads\/2020\/12\/IMG_0720-Sydney-Business-District-1536x1152.jpg 1536w, https:\/\/smartpro.be\/wp-content\/uploads\/2020\/12\/IMG_0720-Sydney-Business-District-e1607335103159.jpg 1200w\" sizes=\"(max-width: 1024px) 100vw, 1024px\" \/>\t\t\t\t\t\t\t\t\t\t\t\t\t\t<\/div>\n\t\t\t\t\t\t<\/div>\n\t\t\t\t<\/div>\n\t\t\t\t\t\t<\/div>\n\t\t\t\t\t<\/div>\n\t\t<\/div>\n\t\t\t\t\t\t\t\t<\/div>\n\t\t\t\t\t<\/div>\n\t\t<\/section>\n\t\t\t\t\t\t\t\t\t<\/div>\n\t\t\t<\/div>\n\t\t\t\t\t<\/div>","protected":false},"excerpt":{"rendered":"<p>Legal Interim It happens regularly that a company experiences a temporary shortage of qualified and experienced lawyers. Is your company looking for a lawyer for a certain project? Or is one of your employees sick, on maternity leave or having a very long vacation and is your internal legal department overbooked? Do you experience difficulties &hellip;<\/p>\n<p class=\"read-more\"> <a class=\"\" href=\"https:\/\/smartpro.be\/nl\/legal-interim\/\"> <span class=\"screen-reader-text\">Legal Interim<\/span> Lees verder &raquo;<\/a><\/p>","protected":false},"author":1,"featured_media":0,"parent":0,"menu_order":0,"comment_status":"closed","ping_status":"closed","template":"","meta":{"site-sidebar-layout":"no-sidebar","site-content-layout":"page-builder","ast-global-header-display":"","ast-main-header-display":"","ast-hfb-above-header-display":"","ast-hfb-below-header-display":"","ast-hfb-mobile-header-display":"","site-post-title":"disabled","ast-breadcrumbs-content":"","ast-featured-img":"disabled","footer-sml-layout":"","theme-transparent-header-meta":"default","adv-header-id-meta":"","stick-header-meta":"","header-above-stick-meta":"","header-main-stick-meta":"","header-below-stick-meta":""},"_links":{"self":[{"href":"https:\/\/smartpro.be\/nl\/wp-json\/wp\/v2\/pages\/23"}],"collection":[{"href":"https:\/\/smartpro.be\/nl\/wp-json\/wp\/v2\/pages"}],"about":[{"href":"https:\/\/smartpro.be\/nl\/wp-json\/wp\/v2\/types\/page"}],"author":[{"embeddable":true,"href":"https:\/\/smartpro.be\/nl\/wp-json\/wp\/v2\/users\/1"}],"replies":[{"embeddable":true,"href":"https:\/\/smartpro.be\/nl\/wp-json\/wp\/v2\/comments?post=23"}],"version-history":[{"count":16,"href":"https:\/\/smartpro.be\/nl\/wp-json\/wp\/v2\/pages\/23\/revisions"}],"predecessor-version":[{"id":350,"href":"https:\/\/smartpro.be\/nl\/wp-json\/wp\/v2\/pages\/23\/revisions\/350"}],"wp:attachment":[{"href":"https:\/\/smartpro.be\/nl\/wp-json\/wp\/v2\/media?parent=23"}],"curies":[{"name":"wp","href":"https:\/\/api.w.org\/{rel}","templated":true}]}}